{"id":79,"date":"2024-05-13T10:29:06","date_gmt":"2024-05-13T08:29:06","guid":{"rendered":"http:\/\/1700classics.es\/?page_id=79"},"modified":"2024-08-08T12:52:22","modified_gmt":"2024-08-08T10:52:22","slug":"contacto","status":"publish","type":"page","link":"https:\/\/1700classics.es\/es\/contacto\/","title":{"rendered":"Contacto"},"content":{"rendered":"<p class=\"gutenify-section-ac033b00-1bb8-11ef-945a-7df8d1dbbf0e has-contrast-color has-text-color has-link-color wp-elements-72137c0d3a60ad7730027e851f472267 gtfy-1\">\u00bfTe ha gustado nuestro disco? \u00bfTienes alguna duda? Estamos deseando conocer tu opini\u00f3n as\u00ed que puedes ponerte en contacto con nosotros a trav\u00e9s de correo electr\u00f3nico escribiendo a <a href=\"mailto:info@1700classics.es\">info@1700classics.es<\/a> o si lo prefieres completando el siguiente formulario de contacto:<\/p>\n\n\n\n<div class=\"wp-block-contact-form-7-contact-form-selector gtfy-4\">\n<div class=\"wpcf7 no-js\" id=\"wpcf7-f740-o1\" lang=\"es-ES\" dir=\"ltr\" data-wpcf7-id=\"740\">\n<div class=\"screen-reader-response\"><p role=\"status\" aria-live=\"polite\" aria-atomic=\"true\"><\/p> <ul><\/ul><\/div>\n<form action=\"\/es\/wp-json\/wp\/v2\/pages\/79#wpcf7-f740-o1\" method=\"post\" class=\"wpcf7-form init\" aria-label=\"Formulario de contacto\" novalidate=\"novalidate\" data-status=\"init\" data-trp-original-action=\"\/es\/wp-json\/wp\/v2\/pages\/79#wpcf7-f740-o1\">\n<fieldset class=\"hidden-fields-container\"><input type=\"hidden\" name=\"_wpcf7\" value=\"740\" \/><input type=\"hidden\" name=\"_wpcf7_version\" value=\"6.1.5\" \/><input type=\"hidden\" name=\"_wpcf7_locale\" value=\"es_ES\" \/><input type=\"hidden\" name=\"_wpcf7_unit_tag\" value=\"wpcf7-f740-o1\" \/><input type=\"hidden\" name=\"_wpcf7_container_post\" value=\"0\" \/><input type=\"hidden\" name=\"_wpcf7_posted_data_hash\" value=\"\" \/>\n<\/fieldset>\n<p><label> Tu nombre<br \/>\n<span class=\"wpcf7-form-control-wrap\" data-name=\"your-name\"><input size=\"40\" maxlength=\"400\" class=\"wpcf7-form-control wpcf7-text wpcf7-validates-as-required\" autocomplete=\"name\" aria-required=\"true\" aria-invalid=\"false\" value=\"\" type=\"text\" name=\"your-name\" \/><\/span> <\/label>\n<\/p>\n<p><label> e-mail<br \/>\n<span class=\"wpcf7-form-control-wrap\" data-name=\"your-email\"><input size=\"40\" maxlength=\"400\" class=\"wpcf7-form-control wpcf7-email wpcf7-validates-as-required wpcf7-text wpcf7-validates-as-email\" autocomplete=\"email\" aria-required=\"true\" aria-invalid=\"false\" value=\"\" type=\"email\" name=\"your-email\" \/><\/span> <\/label>\n<\/p>\n<p><label> Asunto<br \/>\n<span class=\"wpcf7-form-control-wrap\" data-name=\"your-subject\"><input size=\"40\" maxlength=\"400\" class=\"wpcf7-form-control wpcf7-text wpcf7-validates-as-required\" aria-required=\"true\" aria-invalid=\"false\" value=\"\" type=\"text\" name=\"your-subject\" \/><\/span> <\/label>\n<\/p>\n<p><label> Tu mensaje<br \/>\n<span class=\"wpcf7-form-control-wrap\" data-name=\"your-message\"><textarea cols=\"40\" rows=\"10\" maxlength=\"2000\" class=\"wpcf7-form-control wpcf7-textarea\" aria-invalid=\"false\" name=\"your-message\"><\/textarea><\/span> <\/label>\n<\/p>\n<p><input class=\"wpcf7-form-control wpcf7-submit has-spinner\" type=\"submit\" value=\"Enviar\" \/>\n<\/p><div class=\"wpcf7-response-output\" aria-hidden=\"true\"><\/div>\n<input type=\"hidden\" name=\"trp-form-language\" value=\"es\"\/><\/form>\n<\/div>\n<\/div>","protected":false},"excerpt":{"rendered":"<p>Did you like our album? Do you have any questions? We are eager to know your opinion so you can contact us via email by writing to info@1700classics.es or if you prefer by filling out the following contact form:<\/p>","protected":false},"author":1,"featured_media":0,"parent":0,"menu_order":0,"comment_status":"closed","ping_status":"closed","template":"","meta":{"footnotes":""},"class_list":["post-79","page","type-page","status-publish","hentry"],"_links":{"self":[{"href":"https:\/\/1700classics.es\/es\/wp-json\/wp\/v2\/pages\/79","targetHints":{"allow":["GET"]}}],"collection":[{"href":"https:\/\/1700classics.es\/es\/wp-json\/wp\/v2\/pages"}],"about":[{"href":"https:\/\/1700classics.es\/es\/wp-json\/wp\/v2\/types\/page"}],"author":[{"embeddable":true,"href":"https:\/\/1700classics.es\/es\/wp-json\/wp\/v2\/users\/1"}],"replies":[{"embeddable":true,"href":"https:\/\/1700classics.es\/es\/wp-json\/wp\/v2\/comments?post=79"}],"version-history":[{"count":3,"href":"https:\/\/1700classics.es\/es\/wp-json\/wp\/v2\/pages\/79\/revisions"}],"predecessor-version":[{"id":741,"href":"https:\/\/1700classics.es\/es\/wp-json\/wp\/v2\/pages\/79\/revisions\/741"}],"wp:attachment":[{"href":"https:\/\/1700classics.es\/es\/wp-json\/wp\/v2\/media?parent=79"}],"curies":[{"name":"wp","href":"https:\/\/api.w.org\/{rel}","templated":true}]}}