{"id":72,"date":"2024-05-13T10:29:06","date_gmt":"2024-05-13T08:29:06","guid":{"rendered":"http:\/\/1700classics.es\/?page_id=72"},"modified":"2026-03-02T09:41:56","modified_gmt":"2026-03-02T08:41:56","slug":"terminos-y-condiciones","status":"publish","type":"page","link":"https:\/\/1700classics.es\/es\/terminos-y-condiciones\/","title":{"rendered":"T\u00e9rminos y condiciones"},"content":{"rendered":"<p class=\"gutenify-section-e73b0830-42ee-11ef-a34c-91f689dc81a4 gtfy-1\">ATRIO CULTURAL S.L. (B25950759) a partir de ahora 1700 CLASSICS, Plaza San Diego, 1 4\u00baA 28018 MADRID, Espa\u00f1a. Cualquier usuario que acceda y use la web acepta estas condiciones generales de uso:<\/p>\n\n\n\n<p class=\"gutenify-section-e73b7d60-42ee-11ef-a34c-91f689dc81a4 gtfy-4\"><strong>T\u00c9RMINOS Y CONDICIONES DE COMPRA<\/strong><\/p>\n\n\n\n<ol class=\"wp-block-list gtfy-8\">\n<li class=\"gtfy-7 gutenify-list-item\"><strong>T\u00e9rminos y condiciones de compra<\/strong><\/li>\n<\/ol>\n\n\n\n<p class=\"gutenify-section-e73ba471-42ee-11ef-a34c-91f689dc81a4 gtfy-11\">La aceptaci\u00f3n de la compra mediante la confirmaci\u00f3n del pedido realizado, implica que usted acepta las condiciones generales, que regir\u00e1n, en defecto de condiciones particulares, la relaci\u00f3n establecida entre usted y Daniel Pinte\u00f1o Villaescusa (en adelante, 1700 CLASSICS).<\/p>\n\n\n\n<p class=\"gutenify-section-e73ba472-42ee-11ef-a34c-91f689dc81a4 gtfy-14\">Tras el pago de nuestras tarifas por el Contenido Digital o Producto f\u00edsico, le concedemos una licencia no exclusiva e intransferible para utilizar el Contenido Digital o Producto para su uso personal, no comercial y de entretenimiento, sujeto a los t\u00e9rminos que se especifican en esta p\u00e1gina. Tiene derecho a descargar el contenido digital adquirido en nuestra web cinco (5) veces durante los 7 d\u00edas posteriores a su compra. Usted puede copiar, almacenar, transferir y grabar el Contenido Digital s\u00f3lo para su uso personal, no comercial y de entretenimiento. Usted se compromete a proporcionar informaci\u00f3n precisa, actual y completa requerida para completar el proceso de compra. 1700 CLASSICS puede cancelar sus derechos de uso de nuestros productos digitales si cualquier informaci\u00f3n que proporcione es falsa, inexacta o incompleta. Usted acepta que 1700 CLASSICS pueda almacenar y utilizar los datos de informaci\u00f3n personal que usted facilite para la adquisici\u00f3n de esta licencia de uso de producto digital.<\/p>\n\n\n\n<p class=\"gutenify-section-e73bcb80-42ee-11ef-a34c-91f689dc81a4 gtfy-17\">Usted declara, garantiza y acepta que utilizar\u00e1 nuestros productos \u00fanicamente para su uso personal, no comercial y de entretenimiento y no para la redistribuci\u00f3n del Contenido Digital u otro uso restringido en este apartado. Usted se compromete a no infringir los derechos de los propietarios de los derechos de autor del Contenido Digital o de los Productos adquiridos en esta tienda y a cumplir con todas las leyes aplicables en su uso del Contenido Digital o de los Productos. Usted acepta que no redistribuir\u00e1, transmitir\u00e1, asignar\u00e1, vender\u00e1, emitir\u00e1, alquilar\u00e1, compartir\u00e1, prestar\u00e1, modificar\u00e1, adaptar\u00e1, editar\u00e1, ni transferir\u00e1 o utilizar\u00e1 de ning\u00fan otro modo el Contenido Digital. No se le concede ning\u00fan derecho de sincronizaci\u00f3n, ejecuci\u00f3n p\u00fablica, uso promocional, venta comercial, reventa, reproducci\u00f3n o distribuci\u00f3n de los Contenidos Digitales o Productos. Usted reconoce que el Contenido Digital y los Productos que se venden en esta web est\u00e1n protegidos y amparados por la Ley de Propiedad Intelectual.<\/p>\n\n\n\n<p class=\"gutenify-section-e73bcb81-42ee-11ef-a34c-91f689dc81a4 gtfy-20\"><strong>2. Devoluciones<\/strong><\/p>\n\n\n\n<p class=\"gutenify-section-e73bf290-42ee-11ef-a34c-91f689dc81a4 has-contrast-color has-text-color has-link-color wp-elements-ccb9e6b661f10e5e818d5210d2535bb3 gtfy-23\"><strong>No se admitir\u00e1n devoluciones en los productos vendidos en la web de 1700 CLASSICS salvo defecto en el producto adquirido.<\/strong> En caso de recibir un art\u00edculo defectuoso p\u00f3ngase inmediatamente en contacto escribiendo a nuestra direcci\u00f3n de correo electr\u00f3nico: <a href=\"mailto:info@1700classics.es\">info@1700classics.es<\/a>.<\/p>\n\n\n\n<p class=\"gutenify-section-e73bf291-42ee-11ef-a34c-91f689dc81a4 gtfy-26\"><strong>3. Precios e impuestos<\/strong><\/p>\n\n\n\n<p class=\"gutenify-section-e73c19a0-42ee-11ef-a34c-91f689dc81a4 gtfy-29\">Los precios de este cat\u00e1logo incluyen el IVA. En los env\u00edos a Canarias, Ceuta y Melilla se descontar\u00e1 el IVA. Si compra desde estos territorios p\u00f3ngase en contacto con nosotros a trav\u00e9s de nuestra direcci\u00f3n de correo electr\u00f3nico.<\/p>\n\n\n\n<p class=\"gutenify-section-e73c19a1-42ee-11ef-a34c-91f689dc81a4 gtfy-32\"><strong>4. Formas de env\u00edo<\/strong><\/p>\n\n\n\n<p class=\"gutenify-section-e73c19a2-42ee-11ef-a34c-91f689dc81a4 gtfy-35\">El comprador ser\u00e1 informado en todo momento del estado de su env\u00edo y podr\u00e1 hacer un seguimiento de \u00e9l. Si el env\u00edo no se entregara en los plazos estimados, h\u00e1ganoslo saber para hacer la reclamaci\u00f3n oportuna al transportista. Se debe tener en cuenta que las mensajer\u00edas no entregan mercanc\u00eda los s\u00e1bados, domingos o d\u00edas festivos. En ning\u00fan caso, el incumplimiento de los plazos estimados justificar\u00e1 la devoluci\u00f3n del importe de los gastos de env\u00edo.<\/p>\n\n\n\n<p class=\"gutenify-section-e73c40b0-42ee-11ef-a34c-91f689dc81a4 gtfy-38\">No se contempla la opci\u00f3n de pago contra reembolso.<\/p>\n\n\n\n<p class=\"gutenify-section-e73c40b1-42ee-11ef-a34c-91f689dc81a4 gtfy-41\">Los gastos de env\u00edo corren siempre por cuenta del cliente, que se calculan en funci\u00f3n de los tramos de peso. En todos los casos, la tienda virtual de 1700 CLASSICS calcula autom\u00e1ticamente los gastos de env\u00edo a partir del peso de los art\u00edculos, la direcci\u00f3n de entrega y la forma de pago elegidos. El importe total del pedido se muestra para su conformidad antes de completar el formulario de env\u00edo junto con el resto de los datos necesarios para su tramitaci\u00f3n.<\/p>\n\n\n\n<p class=\"gutenify-section-e73c40b2-42ee-11ef-a34c-91f689dc81a4 gtfy-44\">Si en env\u00edos nacionales el cliente quiere cambiar la direcci\u00f3n de entrega una vez que el paquete ya est\u00e1 en manos del transportista deber\u00e1 abonar una cantidad adicional, equivalente a un env\u00edo peninsular dentro del tramo de peso que le correspondiese.<\/p>\n\n\n\n<p class=\"gutenify-section-e73c67c0-42ee-11ef-a34c-91f689dc81a4 gtfy-47\">Si por causas ajenas a 1700 CLASSICS un env\u00edo nos fuera devuelto, el cliente deber\u00e1 abonar una cantidad adicional, equivalente a dos env\u00edos (devoluci\u00f3n y reexpedici\u00f3n) dentro del tramo que le correspondiese para poder recibir su paquete.<\/p>\n\n\n\n<p class=\"gutenify-section-e73c67c1-42ee-11ef-a34c-91f689dc81a4 gtfy-50\">Quedan fuera de la responsabilidad de 1700 CLASSICS los retrasos y los gastos derivados de las gestiones aduaneras que puedan darse en algunos pa\u00edses. En esos casos, ser\u00e1 el comprador el responsable de cumplimentar los tr\u00e1mites que el gobierno de su pa\u00eds le exija, as\u00ed como hacer frente a los aranceles correspondientes y a cualquier otro gasto derivado de la gesti\u00f3n en aduanas, caso de existir. 1700 CLASSICS colaborar\u00e1 con su cliente en la medida de lo posible, inform\u00e1ndole de tal circunstancia en el momento en que se tenga constancia de ello.<\/p>\n\n\n\n<p class=\"gutenify-section-e73c67c2-42ee-11ef-a34c-91f689dc81a4 has-contrast-color has-text-color has-link-color wp-elements-59ee6f32b1103305f8baffbad9cd6119 gtfy-53\">Se realizan env\u00edos a todos los pa\u00edses miembros de la Uni\u00f3n Europea. En el caso de que esta tienda no acepte env\u00edos a su pa\u00eds, rogamos se pongan en contacto con <a href=\"mailto:info@1700classics.es\">info@1700classics.es<\/a> para ofrecerles una soluci\u00f3n alternativa.<\/p>\n\n\n\n<p class=\"gutenify-section-e73c8ed0-42ee-11ef-a34c-91f689dc81a4 gtfy-56\"><strong>5. Informaci\u00f3n<\/strong><\/p>\n\n\n\n<p class=\"gutenify-section-e73c8ed1-42ee-11ef-a34c-91f689dc81a4 gtfy-59\">En virtud de los art\u00edculos 40 y 47 reformados por la Ley 47\/2002, de 19 de diciembre, 1700 CLASSICS, a trav\u00e9s de su tienda virtual pone a disposici\u00f3n de sus clientes, de manera veraz, eficaz y suficiente, toda la informaci\u00f3n necesaria para poder realizar de manera satisfactoria para ambas partes la compra de los productos que en ella se ofrecen. Para ello es fundamental la lectura detenida tanto de las condiciones generales contenidas en el Aviso Legal como estas Condiciones de Compra.<\/p>\n\n\n\n<p class=\"gutenify-section-e73c8ed2-42ee-11ef-a34c-91f689dc81a4 gtfy-62\">Adem\u00e1s, en cada fase del proceso de compra, 1700 CLASSICS enviar\u00e1 un correo informativo referido a la fase concreta a la que se refiera (correo autom\u00e1tico de alta de nuevo cliente, recepci\u00f3n del pedido, confirmaci\u00f3n del pago y factura, aviso de env\u00edo, etc.)<\/p>\n\n\n\n<p class=\"gutenify-section-e73cb5e0-42ee-11ef-a34c-91f689dc81a4 gtfy-65\"><strong>6. Tramitaci\u00f3n del pedido<\/strong><\/p>\n\n\n\n<p class=\"gutenify-section-e73cb5e1-42ee-11ef-a34c-91f689dc81a4 has-contrast-color has-text-color has-link-color wp-elements-f30d5593d7340f2ced66b35b6f4967f0 gtfy-68\">Los pedidos a trav\u00e9s de Internet se realizan en firme. Si necesita un presupuesto o una factura proforma, env\u00ede un correo electr\u00f3nico a <a href=\"mailto:info@1700classics.es\">info@1700classics.es<\/a> o use el formulario de contacto de esta p\u00e1gina web. Le remitiremos el documento correspondiente a la direcci\u00f3n de correo electr\u00f3nico que nos indique.<\/p>\n\n\n\n<p class=\"gutenify-section-e73cb5e2-42ee-11ef-a34c-91f689dc81a4 gtfy-71\">Los pedidos se tramitar\u00e1n de lunes a viernes dentro de las 24 horas siguientes a su recepci\u00f3n. Los pedidos que se reciban los viernes despu\u00e9s de las 14:00h y los fines de semana ser\u00e1n tramitados a partir del lunes siguiente.<\/p>\n\n\n\n<p class=\"gutenify-section-e73cdcf0-42ee-11ef-a34c-91f689dc81a4 gtfy-74\">Durante la tramitaci\u00f3n del pedido, se informar\u00e1 al cliente del estado de su pedido as\u00ed como de cualquier incidencia que pueda surgir.<\/p>\n\n\n\n<p class=\"gutenify-section-e73cdcf1-42ee-11ef-a34c-91f689dc81a4 gtfy-77\"><strong>7. Forma de pago<\/strong><\/p>\n\n\n\n<p class=\"gutenify-section-e73d2b10-42ee-11ef-a34c-91f689dc81a4 gtfy-80\">Tarjeta de cr\u00e9dito o d\u00e9bito mediante pasarela STRIPE: Para el cobro del pedido se solicitar\u00e1 el n\u00famero de la tarjeta y su fecha de caducidad. Estos datos no son almacenados en nuestra p\u00e1gina web y deber\u00e1n ser introducidos en cada compra.<\/p>\n\n\n\n<p class=\"gutenify-section-e73d2b11-42ee-11ef-a34c-91f689dc81a4 gtfy-83\">Transferencia bancaria: cuando se elige esta modalidad se debe aguardar a la confirmaci\u00f3n que le enviaremos por correo electr\u00f3nico donde se le informar\u00e1 del n\u00famero de cuenta donde realizar el ingreso y la cantidad exacta a ingresar: factores como exenciones de IVA, aplicaci\u00f3n del D.U.A., descuentos, etc. pueden hacer que el importe real no coincida con el que aparece en la tienda virtual. No olvide indicar en el concepto de la operaci\u00f3n bancaria el nombre del comprador de los productos \u2013si no coincide con la persona que hace el ingreso- y el n\u00famero de referencia del pedido.<\/p>\n\n\n\n<p class=\"gutenify-section-e73d5220-42ee-11ef-a34c-91f689dc81a4 gtfy-86\">No se realizar\u00e1 el env\u00edo hasta tener constancia de haberse realizado la transferencia o el ingreso por la totalidad del importe. Una vez que los productos est\u00e1n reservados, el margen para realizar la transferencia ser\u00e1 de una semana; si se sobrepasa ese tiempo sin causa justificada, el pedido ser\u00e1 anulado. Cualquier tipo de gasto financiero (como comisiones bancanrias por transferencia, etc.) deber\u00e1 ser asumidos \u00edntegramente por el comprador.<\/p>\n\n\n\n<p class=\"gutenify-section-e73d5221-42ee-11ef-a34c-91f689dc81a4 gtfy-89\"><strong>CONDICIONES DE USO<\/strong><\/p>\n\n\n\n<p class=\"gutenify-section-e73d5222-42ee-11ef-a34c-91f689dc81a4 gtfy-92\"><strong>1. Propiedad Intelectual e Industrial<\/strong><\/p>\n\n\n\n<p class=\"gutenify-section-e73d7930-42ee-11ef-a34c-91f689dc81a4 gtfy-95\">Los elementos de esta Web: texto, im\u00e1genes, marcas, gr\u00e1ficos, logotipos, botones, archivos de software, libros digitales, combinaciones de colores, as\u00ed como la estructura, selecci\u00f3n, ordenaci\u00f3n y presentaci\u00f3n de sus contenidos, se encuentra protegida por las leyes sobre Propiedad Intelectual e Industrial, quedando prohibida su reproducci\u00f3n, distribuci\u00f3n, comunicaci\u00f3n p\u00fablica y transformaci\u00f3n, salvo para uso personal y privado.<\/p>\n\n\n\n<p class=\"gutenify-section-e73d7931-42ee-11ef-a34c-91f689dc81a4 gtfy-98\">Asimismo, queda prohibida la reproducci\u00f3n, retransmisi\u00f3n, copia, cesi\u00f3n o radiodifusi\u00f3n, total o parcial, de la informaci\u00f3n contenida en estas p\u00e1ginas, cualquiera que fuera su finalidad y el medio utilizado para ello.<\/p>\n\n\n\n<p class=\"gutenify-section-e73d7932-42ee-11ef-a34c-91f689dc81a4 gtfy-101\"><strong>2. Responsabilidades<\/strong><\/p>\n\n\n\n<p class=\"gutenify-section-e73da040-42ee-11ef-a34c-91f689dc81a4 gtfy-104\">a) 1700 CLASSICS no se har\u00e1 responsable, adem\u00e1s de las responsabilidades indicadas en las presentes condiciones generales de uso en el portal, directa ni subsidiariamente de:<\/p>\n\n\n\n<ul class=\"wp-block-list gtfy-108\">\n<li class=\"gtfy-107 gutenify-list-item\">La calidad del servicio, la velocidad de acceso, el correcto funcionamiento ni la disponibilidad ni continuidad de funcionamiento del portal.<\/li>\n<\/ul>\n\n\n\n<ul class=\"wp-block-list gtfy-112\">\n<li class=\"gtfy-111 gutenify-list-item\"> La informaci\u00f3n introducida por los USUARIOS.<\/li>\n<\/ul>\n\n\n\n<ul class=\"wp-block-list gtfy-116\">\n<li class=\"gtfy-115 gutenify-list-item\">Los da\u00f1os que puedan causarse en los equipos de los USUARIOS por la utilizaci\u00f3n del portal.<\/li>\n<\/ul>\n\n\n\n<ul class=\"wp-block-list gtfy-120\">\n<li class=\"gtfy-119 gutenify-list-item\">La veracidad, exactitud o actualizaci\u00f3n de las informaciones sobre servicios, consultas, o cualesquiera otros datos e informaciones relevantes acerca de los servicios o productos ofrecidos a trav\u00e9s del sitio Web.<\/li>\n<\/ul>\n\n\n\n<ul class=\"wp-block-list gtfy-124\">\n<li class=\"gtfy-123 gutenify-list-item\">El incumplimiento de la ley, la moral y las buenas costumbres generalmente aceptadas o el orden p\u00fablico como consecuencia de la transmisi\u00f3n, difusi\u00f3n, almacenamiento, puesta a disposici\u00f3n, recepci\u00f3n, obtenci\u00f3n o acceso a los contenidos.<\/li>\n<\/ul>\n\n\n\n<ul class=\"wp-block-list gtfy-128\">\n<li class=\"gtfy-127 gutenify-list-item\">La infracci\u00f3n de los derechos de propiedad intelectual e industrial, de los derechos al honor, a la intimidad personal y familiar y a la imagen de las personas (fotograf\u00edas), de los derechos de propiedad y de toda otra naturaleza perteneciente a un tercero como consecuencia de la transmisi\u00f3n, difusi\u00f3n, almacenamiento, puesta a disposici\u00f3n, recepci\u00f3n, obtenci\u00f3n o acceso a los contenidos.<\/li>\n<\/ul>\n\n\n\n<ul class=\"wp-block-list gtfy-132\">\n<li class=\"gtfy-131 gutenify-list-item\">Los vicios y defectos de toda clase de los contenidos transmitidos, difundidos, almacenados o puestos a disposici\u00f3n.<\/li>\n<\/ul>\n\n\n\n<p class=\"gutenify-section-e73dee62-42ee-11ef-a34c-91f689dc81a4 gtfy-135\">b) Del USUARIO:<\/p>\n\n\n\n<p class=\"gutenify-section-e73e1570-42ee-11ef-a34c-91f689dc81a4 gtfy-138\">- De la realizaci\u00f3n de cualquier tipo de actuaci\u00f3n il\u00edcita, lesiva de derechos, nociva y\/o perjudicial.<\/p>\n\n\n\n<ol class=\"wp-block-list gtfy-142\">\n<li class=\"gtfy-141 gutenify-list-item\"><strong>1. Obligaci\u00f3n de hacer un uso correcto del Portal, Servicios y Contenidos<\/strong><\/li>\n<\/ol>\n\n\n\n<p class=\"gutenify-section-e73e1572-42ee-11ef-a34c-91f689dc81a4 gtfy-145\">a) El USUARIO:<\/p>\n\n\n\n<p class=\"gutenify-section-e73e1573-42ee-11ef-a34c-91f689dc81a4 gtfy-148\">El USUARIO se compromete a utilizar el Portal, los Servicios, los Contenidos y estas Condiciones Generales de conformidad con la ley, la moral, las buenas costumbres y el orden p\u00fablico.<\/p>\n\n\n\n<p class=\"gutenify-section-e73e3c80-42ee-11ef-a34c-91f689dc81a4 gtfy-151\">Se obliga a usar el Portal, los Servicios y los Contenidos de forma diligente, correcta y l\u00edcita y, en particular, se compromete a abstenerse de:<\/p>\n\n\n\n<p class=\"gutenify-section-e73e3c81-42ee-11ef-a34c-91f689dc81a4 gtfy-154\">1\/ Reproducir o copiar, distribuir, permitir el acceso del p\u00fablico a trav\u00e9s de cualquier modalidad de comunicaci\u00f3n p\u00fablica, transformar o modificar los Contenidos, a menos que se cuente con la autorizaci\u00f3n del titular de los correspondientes derechos o ello resulte legalmente permitido.<\/p>\n\n\n\n<p class=\"gutenify-section-e73e3c82-42ee-11ef-a34c-91f689dc81a4 gtfy-157\">2\/ Suprimir, eludir o manipular el \u201ccopyright\u201d y dem\u00e1s datos identificativos de los derechos de sus titulares incorporados a los Contenidos, as\u00ed como los dispositivos t\u00e9cnicos de protecci\u00f3n, o cualesquiera mecanismos de informaci\u00f3n que pudieren contener los Contenidos.<\/p>\n\n\n\n<p class=\"gutenify-section-e73e6390-42ee-11ef-a34c-91f689dc81a4 gtfy-160\">b) El Portal:<\/p>\n\n\n\n<p class=\"gutenify-section-e73eb1b0-42ee-11ef-a34c-91f689dc81a4 gtfy-163\">1700 CLASSICS no controla ni garantiza la ausencia de virus ni de otros elementos en los Contenidos que puedan producir alteraciones en el sistema inform\u00e1tico (software y hardware) o en los documentos electr\u00f3nicos y ficheros almacenados en el sistema inform\u00e1tico del Usuario.<\/p>","protected":false},"excerpt":{"rendered":"<p>ATRIO CULTURAL S.L. (B25950759) hereinafter 1700 CLASSICS, Plaza San Diego, 1 4\u00baA 28018 MADRID, Spain . Any user who accesses or uses this website accepts these general conditions of use. TERMS &amp; CONDITIONS OF PURCHASE The acceptance of the purchase by confirming the order placed, implies that you accept the general conditions, which will govern, [&hellip;]<\/p>\n","protected":false},"author":1,"featured_media":0,"parent":0,"menu_order":0,"comment_status":"closed","ping_status":"closed","template":"","meta":{"footnotes":""},"class_list":["post-72","page","type-page","status-publish","hentry"],"_links":{"self":[{"href":"https:\/\/1700classics.es\/es\/wp-json\/wp\/v2\/pages\/72","targetHints":{"allow":["GET"]}}],"collection":[{"href":"https:\/\/1700classics.es\/es\/wp-json\/wp\/v2\/pages"}],"about":[{"href":"https:\/\/1700classics.es\/es\/wp-json\/wp\/v2\/types\/page"}],"author":[{"embeddable":true,"href":"https:\/\/1700classics.es\/es\/wp-json\/wp\/v2\/users\/1"}],"replies":[{"embeddable":true,"href":"https:\/\/1700classics.es\/es\/wp-json\/wp\/v2\/comments?post=72"}],"version-history":[{"count":9,"href":"https:\/\/1700classics.es\/es\/wp-json\/wp\/v2\/pages\/72\/revisions"}],"predecessor-version":[{"id":906,"href":"https:\/\/1700classics.es\/es\/wp-json\/wp\/v2\/pages\/72\/revisions\/906"}],"wp:attachment":[{"href":"https:\/\/1700classics.es\/es\/wp-json\/wp\/v2\/media?parent=72"}],"curies":[{"name":"wp","href":"https:\/\/api.w.org\/{rel}","templated":true}]}}