{"id":71,"date":"2024-05-13T10:29:07","date_gmt":"2024-05-13T08:29:07","guid":{"rendered":"http:\/\/1700classics.es\/?page_id=71"},"modified":"2024-08-04T21:25:45","modified_gmt":"2024-08-04T19:25:45","slug":"faqs","status":"publish","type":"page","link":"https:\/\/1700classics.es\/es\/faqs\/","title":{"rendered":"FAQs"},"content":{"rendered":"<p class=\"gutenify-section-87273cc0-42ee-11ef-a0d4-fd79423e149f gtfy-1\"><strong>\u00bfC\u00f3mo me puedo poner en contacto con 1700 CLASSICS?<\/strong><\/p>\n\n\n\n<p class=\"gutenify-section-872763d0-42ee-11ef-a0d4-fd79423e149f gtfy-4\">Nos puedes contactar:<\/p>\n\n\n\n<p class=\"gutenify-section-87278ae0-42ee-11ef-a0d4-fd79423e149f gtfy-7\">a) Enviando un mensaje a trav\u00e9s del formulario de contacto que aparece en esta p\u00e1gina web.<\/p>\n\n\n\n<p class=\"gutenify-section-920426d0-42ee-11ef-a0d4-fd79423e149f has-contrast-color has-text-color has-link-color wp-elements-792aa8fc757ba7f6754e1cc67cff7dfe gtfy-10\">b) Enviando un email a <a href=\"mailto:info@1700classics.es\">info@1700classics.es<\/a>.<\/p>\n\n\n\n<p class=\"gutenify-section-2538e7c0-2caf-11ef-80b7-a1d7d465de14 gtfy-13\"><strong>\u00bfA qu\u00e9 pa\u00edses realiz\u00e1is env\u00edos de los productos f\u00edsicos?<\/strong><\/p>\n\n\n\n<p class=\"gutenify-section-340868c0-2caf-11ef-80b7-a1d7d465de14 has-contrast-color has-text-color has-link-color wp-elements-86048c67a6134e33219364f6029817c9 gtfy-16\">Desde esta web podr\u00e1s adquirir nuestros productos f\u00edsicos y te los haremos llegar a cualquier pa\u00eds de la Uni\u00f3n Europea. Si quieres realizar un pedido fuera de las fronteras de la UE ponte en contacto con <a href=\"mailto:info@1700classics.es\">info@1700classics.es<\/a> e intentaremos encontrar la mejor soluci\u00f3n posible para tu caso.<\/p>\n\n\n\n<p class=\"gutenify-section-abb8f650-42ee-11ef-a0d4-fd79423e149f gtfy-19\"><strong>\u00bfC\u00f3mo puedo realizar una devoluci\u00f3n?<\/strong><\/p>\n\n\n\n<p class=\"gutenify-section-abb8f651-42ee-11ef-a0d4-fd79423e149f has-contrast-color has-text-color has-link-color wp-elements-fea61c668870e1ed822712b29cf2f0fe gtfy-22\">Por favor, lee la p\u00e1gina de \u00abT\u00e9rminos y condiciones\u00bb para informarte de la pol\u00edtica de devoluci\u00f3n. No se admiten devoluciones salvo en el caso de productos defectuosos. Si recibes un producto con un problema de fabricaci\u00f3n puedes escribirnos a <a href=\"mailto:info@1700classics.es\">info@1700classics.es<\/a> indicando su n\u00famero de pedido. Nos pondremos en contacto contigo para requerir la informaci\u00f3n necesaria y, en su caso, proceder con la devoluci\u00f3n.<\/p>\n\n\n\n<p class=\"gutenify-section-abb91d60-42ee-11ef-a0d4-fd79423e149f gtfy-25\"><strong>\u00bfC\u00f3mo puedo realizar una devoluci\u00f3n de un producto digital?<\/strong><\/p>\n\n\n\n<p class=\"gutenify-section-abb91d61-42ee-11ef-a0d4-fd79423e149f gtfy-28\">Como se indica en \u00abT\u00e9rminos y condiciones\u00bb en ning\u00fan caso se aceptan devoluciones en pedidos de productos digitales.<\/p>\n\n\n\n<p class=\"gutenify-section-abb94470-42ee-11ef-a0d4-fd79423e149f gtfy-31\"><strong>\u00bfC\u00f3mo puedo descargar el contenido digital?<\/strong><\/p>\n\n\n\n<p class=\"gutenify-section-abb94471-42ee-11ef-a0d4-fd79423e149f gtfy-34\">Una vez adquirido el contenido digital recibir\u00e1s un enlace de descarga en tu correo electr\u00f3nico. Recuerda que el producto digital adquirido podr\u00e1 ser descargado solamente cinco veces durante los siete d\u00edas siguientes a la compra. Una vez superado el n\u00famero m\u00e1ximo de descargas o el tiempo el enlace dejar\u00e1 de funcionar y no podr\u00e1s volver a descargar el producto.<\/p>\n\n\n\n<p class=\"gutenify-section-abb94472-42ee-11ef-a0d4-fd79423e149f gtfy-37\"><strong>\u00bfMe puedo poner en contacto con los artistas?<\/strong><\/p>\n\n\n\n<p class=\"gutenify-section-abb96b80-42ee-11ef-a0d4-fd79423e149f gtfy-40\">Podemos enviar mensajes a los artistas o ponerte en contacto con sus representantes. No podemos facilitar datos de contacto directos de ninguno de nuestros artistas.<\/p>\n\n\n\n<p class=\"gutenify-section-abb96b81-42ee-11ef-a0d4-fd79423e149f gtfy-43\"><strong>\u00bfPuedo comprar los discos de 1700 CLASSICS en otro pa\u00eds?<\/strong><\/p>\n\n\n\n<p class=\"gutenify-section-abb99290-42ee-11ef-a0d4-fd79423e149f gtfy-46\">Consulta nuestra p\u00e1gina \u00abDistribuidores\u00bb para conocer los datos de nuestros distribuidores internacionales. Ellos podr\u00e1n facilitarle informaci\u00f3n sobre c\u00f3mo adquirir los CD de 1700 CLASSICS en tu pa\u00eds.<\/p>\n\n\n\n<p class=\"gutenify-section-abb99291-42ee-11ef-a0d4-fd79423e149f gtfy-49\"><strong>\u00bfQu\u00e9 impuestos llevan los productos de esta web?<\/strong><\/p>\n\n\n\n<p class=\"gutenify-section-abba2ed0-42ee-11ef-a0d4-fd79423e149f has-contrast-color has-text-color has-link-color wp-elements-5dbd1122ea83ad3e6d1128f5c32df3bf gtfy-52\">Los precios de este cat\u00e1logo incluyen el IVA. En los env\u00edos a Canarias, Ceuta y Melilla se descontar\u00e1 el IVA. Si vas a comprar desde cualquiera de estos territorios escr\u00edbenos a <a href=\"mailto:info@1700classics.es\">info@1700classics.es<\/a>.<\/p>\n\n\n\n<p class=\"gutenify-section-7148f5a0-12a7-11ef-9385-6561616aef51 gtfy-55\"><\/p>","protected":false},"excerpt":{"rendered":"<p>How can I contact 1700 CLASSICS? You can contact us: a) By sending a message through the contact form on this website. b) Sending an email to info@1700classics.es. To which countries do you ship the physical products? From this website you can purchase our physical products and we will send them to any country in [&hellip;]<\/p>\n","protected":false},"author":1,"featured_media":0,"parent":0,"menu_order":0,"comment_status":"closed","ping_status":"closed","template":"","meta":{"footnotes":""},"class_list":["post-71","page","type-page","status-publish","hentry"],"_links":{"self":[{"href":"https:\/\/1700classics.es\/es\/wp-json\/wp\/v2\/pages\/71","targetHints":{"allow":["GET"]}}],"collection":[{"href":"https:\/\/1700classics.es\/es\/wp-json\/wp\/v2\/pages"}],"about":[{"href":"https:\/\/1700classics.es\/es\/wp-json\/wp\/v2\/types\/page"}],"author":[{"embeddable":true,"href":"https:\/\/1700classics.es\/es\/wp-json\/wp\/v2\/users\/1"}],"replies":[{"embeddable":true,"href":"https:\/\/1700classics.es\/es\/wp-json\/wp\/v2\/comments?post=71"}],"version-history":[{"count":5,"href":"https:\/\/1700classics.es\/es\/wp-json\/wp\/v2\/pages\/71\/revisions"}],"predecessor-version":[{"id":727,"href":"https:\/\/1700classics.es\/es\/wp-json\/wp\/v2\/pages\/71\/revisions\/727"}],"wp:attachment":[{"href":"https:\/\/1700classics.es\/es\/wp-json\/wp\/v2\/media?parent=71"}],"curies":[{"name":"wp","href":"https:\/\/api.w.org\/{rel}","templated":true}]}}