{"id":332,"date":"2024-05-24T10:25:49","date_gmt":"2024-05-24T08:25:49","guid":{"rendered":"http:\/\/1700classics.es\/?page_id=332"},"modified":"2024-09-25T11:36:28","modified_gmt":"2024-09-25T09:36:28","slug":"sobre-nosotros","status":"publish","type":"page","link":"https:\/\/1700classics.es\/es\/sobre-nosotros\/","title":{"rendered":"Sobre nosotros"},"content":{"rendered":"<p class=\"gutenify-section-437670e0-42ee-11ef-8e9f-d13ac156f1b8 gtfy-1\">En el a\u00f1o 2018 nace 1700 CLASSICS. Somos un sello discogr\u00e1fico independiente creado por m\u00fasicos que aman la m\u00fasica. Aqu\u00ed no encontrar\u00e1s a grandes ejecutivos o a directores de marketing al frente del proyecto. Esto nos hace diferente. Esto nos hace m\u00e1s sensibles. En definitiva, nos hace \u00fanicos.<\/p>\n\n\n\n<p class=\"gutenify-section-4376e610-42ee-11ef-8e9f-d13ac156f1b8 gtfy-4\">Nuestro sello ve la luz de la mano del violinista barroco y director, <strong>Daniel Pinte\u00f1o<\/strong>. Desde su creaci\u00f3n nuestros lanzamientos han explorado algunos de los repertorios instrumentales y vocales menos conocidos para el gran p\u00fablico. M\u00fasicas que sin duda te sorprender\u00e1n.<\/p>\n\n\n\n<figure class=\"wp-block-image size-large has-custom-border is-style-default gutenify-section-3e8fb4d0-5598-11ef-8294-e39062e2c6a3 wp-duotone-unset-7 gtfy-8\"><img loading=\"lazy\" decoding=\"async\" width=\"1980\" height=\"1320\" src=\"https:\/\/1700classics.es\/wp-content\/uploads\/2024\/08\/2024_02_21_DanielPinteno\u00a9nanigutierrez_04-1-1980x1320.jpg\" alt=\"\" class=\"wp-image-766\" style=\"border-style:none;border-width:0px;border-radius:24px\" srcset=\"https:\/\/1700classics.es\/wp-content\/uploads\/2024\/08\/2024_02_21_DanielPinteno\u00a9nanigutierrez_04-1-1980x1320.jpg 1980w, https:\/\/1700classics.es\/wp-content\/uploads\/2024\/08\/2024_02_21_DanielPinteno\u00a9nanigutierrez_04-1-1024x682.jpg 1024w, https:\/\/1700classics.es\/wp-content\/uploads\/2024\/08\/2024_02_21_DanielPinteno\u00a9nanigutierrez_04-1-768x512.jpg 768w, https:\/\/1700classics.es\/wp-content\/uploads\/2024\/08\/2024_02_21_DanielPinteno\u00a9nanigutierrez_04-1-1536x1024.jpg 1536w, https:\/\/1700classics.es\/wp-content\/uploads\/2024\/08\/2024_02_21_DanielPinteno\u00a9nanigutierrez_04-1-18x12.jpg 18w, https:\/\/1700classics.es\/wp-content\/uploads\/2024\/08\/2024_02_21_DanielPinteno\u00a9nanigutierrez_04-1-1200x800.jpg 1200w, https:\/\/1700classics.es\/wp-content\/uploads\/2024\/08\/2024_02_21_DanielPinteno\u00a9nanigutierrez_04-1.jpg 2000w\" sizes=\"auto, (max-width: 1980px) 100vw, 1980px\" \/><figcaption class=\"wp-element-caption\">Daniel Pinten\u0303o \u00a9 Nani Gutierrez<\/figcaption><\/figure>\n\n\n\n<p class=\"gutenify-section-4d09eb00-42ee-11ef-8e9f-d13ac156f1b8 gtfy-11\">Hemos disfrutado en nuestras grabaciones de las voces de las sopranos Aurora Pe\u00f1a o Ana Vieira Leite as\u00ed como del fant\u00e1stico contratenor Carlos Mena. El cat\u00e1logo de 1700 CLASSICS cuenta con lanzamientos discogr\u00e1ficos relacionados directamente con la m\u00fasica en la Espa\u00f1a del siglo XVIII. Podr\u00e1s encontrar compositores que te enamorar\u00e1n como Antonio Literes, Jos\u00e9 Castel, Jose de Torres, Gaetano Brunetti, entre otros. \u00bfNo los conoces? \u00bfA qu\u00e9 esperas?<\/p>\n\n\n\n<figure class=\"wp-block-image size-large is-style-rounded gutenify-section-8b2ac280-5598-11ef-806b-5f1b674ee6df is-style-rounded--14 gtfy-15\"><img loading=\"lazy\" decoding=\"async\" width=\"1980\" height=\"1320\" src=\"https:\/\/1700classics.es\/wp-content\/uploads\/2024\/05\/A03I2956edit-1980x1320.jpg\" alt=\"\" class=\"wp-image-398\" srcset=\"https:\/\/1700classics.es\/wp-content\/uploads\/2024\/05\/A03I2956edit-1980x1320.jpg 1980w, https:\/\/1700classics.es\/wp-content\/uploads\/2024\/05\/A03I2956edit-scaled-1200x800.jpg 1200w, https:\/\/1700classics.es\/wp-content\/uploads\/2024\/05\/A03I2956edit-1024x683.jpg 1024w, https:\/\/1700classics.es\/wp-content\/uploads\/2024\/05\/A03I2956edit-768x512.jpg 768w, https:\/\/1700classics.es\/wp-content\/uploads\/2024\/05\/A03I2956edit-1536x1024.jpg 1536w, https:\/\/1700classics.es\/wp-content\/uploads\/2024\/05\/A03I2956edit-2048x1365.jpg 2048w\" sizes=\"auto, (max-width: 1980px) 100vw, 1980px\" \/><figcaption class=\"wp-element-caption\">Sesi\u00f3n de grabaci\u00f3n \u00a9 Jaime Massieu<\/figcaption><\/figure>\n\n\n\n<p class=\"gutenify-section-4d0ad560-42ee-11ef-8e9f-d13ac156f1b8 gtfy-18\">Desde que lanzamos nuestro primer t\u00edtulo \u00abJos\u00e9 de Torres: Amoroso Se\u00f1or\u00bb publicado en 2018 hemos destacado por desarrollar en cada disco un cuidado y atractivo dise\u00f1o as\u00ed como por ofrecer la mayor calidad t\u00e9cnica en nuestras grabaciones. No lo decimos nosotros. Lo dicen medios de comunicaci\u00f3n de media Europa como la revista Scherzo, El Cultural, Radio France, NPO 3, Rivista Musica o la Bayerischer Rundfunk por citar algunos.<\/p>\n\n\n\n<figure class=\"wp-block-image size-full is-style-rounded gutenify-section-93455840-5598-11ef-806b-5f1b674ee6df is-style-rounded--21 gtfy-22\"><img loading=\"lazy\" decoding=\"async\" width=\"1772\" height=\"1307\" src=\"https:\/\/1700classics.es\/wp-content\/uploads\/2024\/05\/Proceso04-A.jpg\" alt=\"\" class=\"wp-image-402\" srcset=\"https:\/\/1700classics.es\/wp-content\/uploads\/2024\/05\/Proceso04-A.jpg 1772w, https:\/\/1700classics.es\/wp-content\/uploads\/2024\/05\/Proceso04-A-1200x885.jpg 1200w, https:\/\/1700classics.es\/wp-content\/uploads\/2024\/05\/Proceso04-A-1024x755.jpg 1024w, https:\/\/1700classics.es\/wp-content\/uploads\/2024\/05\/Proceso04-A-768x566.jpg 768w, https:\/\/1700classics.es\/wp-content\/uploads\/2024\/05\/Proceso04-A-1536x1133.jpg 1536w\" sizes=\"auto, (max-width: 1772px) 100vw, 1772px\" \/><figcaption class=\"wp-element-caption\">Proceso de dise\u00f1o \u00a9 Jaime Orba\u00f1anos<\/figcaption><\/figure>\n\n\n\n<p class=\"has-text-align-left gutenify-section-f3c39120-1bb7-11ef-a213-9bd5a922a77b gtfy-25\">Te invitamos a que descubras nuestra m\u00fasica. A que formes parte de nuestro proyecto llev\u00e1ndote a casa alguno de nuestros maravillosos discos ya sea en formato f\u00edsico o digital. Si no puedes esperar a escuchar nuestras grabaciones tambi\u00e9n puedes seguirnos en las principales plataformas de streaming como Spotify, iTunes, Amazon Music, etc.<\/p>\n\n\n\n<p class=\"has-contrast-color has-text-color has-link-color gutenify-section-97a52ff0-5598-11ef-806b-5f1b674ee6df wp-elements-aef94dc9d1903b5af14f736de1d76915 gtfy-28\">Somos un sello miembro de la <a href=\"https:\/\/ufimusica.com\/\" data-type=\"link\" data-id=\"https:\/\/ufimusica.com\/\">UFI Uni\u00f3n Fonogr\u00e1fica Independiente<\/a>.<\/p>","protected":false},"excerpt":{"rendered":"<p>In the year 2018 1700 CLASSICS was born. We are an independent CD label created by musicians who love music. Here you won&#8217;t see a big executive or a marketing director at the head of our project. That makes us different. It makes us more sensible. In short, it makes us unique. Our label is [&hellip;]<\/p>\n","protected":false},"author":1,"featured_media":0,"parent":0,"menu_order":0,"comment_status":"closed","ping_status":"closed","template":"","meta":{"footnotes":""},"class_list":["post-332","page","type-page","status-publish","hentry"],"_links":{"self":[{"href":"https:\/\/1700classics.es\/es\/wp-json\/wp\/v2\/pages\/332","targetHints":{"allow":["GET"]}}],"collection":[{"href":"https:\/\/1700classics.es\/es\/wp-json\/wp\/v2\/pages"}],"about":[{"href":"https:\/\/1700classics.es\/es\/wp-json\/wp\/v2\/types\/page"}],"author":[{"embeddable":true,"href":"https:\/\/1700classics.es\/es\/wp-json\/wp\/v2\/users\/1"}],"replies":[{"embeddable":true,"href":"https:\/\/1700classics.es\/es\/wp-json\/wp\/v2\/comments?post=332"}],"version-history":[{"count":10,"href":"https:\/\/1700classics.es\/es\/wp-json\/wp\/v2\/pages\/332\/revisions"}],"predecessor-version":[{"id":832,"href":"https:\/\/1700classics.es\/es\/wp-json\/wp\/v2\/pages\/332\/revisions\/832"}],"wp:attachment":[{"href":"https:\/\/1700classics.es\/es\/wp-json\/wp\/v2\/media?parent=332"}],"curies":[{"name":"wp","href":"https:\/\/api.w.org\/{rel}","templated":true}]}}