{"id":3,"date":"2024-05-13T10:29:07","date_gmt":"2024-05-13T08:29:07","guid":{"rendered":"http:\/\/1700classics.es\/?page_id=3"},"modified":"2024-08-04T22:20:15","modified_gmt":"2024-08-04T20:20:15","slug":"politica-privacidad","status":"publish","type":"page","link":"https:\/\/1700classics.es\/es\/politica-privacidad\/","title":{"rendered":"Pol\u00edtica de privacidad"},"content":{"rendered":"<p class=\"gutenify-section-e88d4730-42ed-11ef-bf6d-07536fbd20e4 gtfy-1\">La direcci\u00f3n de nuestra web es: <a href=\"https:\/\/1700classics.es\/es\/\">https:\/\/1700classics.es<\/a>.<\/p>\n\n\n\n<p class=\"gutenify-section-e88d6e40-42ed-11ef-bf6d-07536fbd20e4 gtfy-4\">De acuerdo con el Reglamento General de Protecci\u00f3n de Datos de la Uni\u00f3n Europea 2016\/679, se informa que todos los datos comunicados por el usuario a trav\u00e9s de la presente p\u00e1gina Web se incluir\u00e1n en un fichero de datos de car\u00e1cter personal creado por y bajo la responsabilidad de 1700 CLASSICS. Estos datos se encuadrar\u00e1n en el fichero correspondiente en virtud de la solicitud del usuario y la finalidad para la que comunica sus datos.<\/p>\n\n\n\n<p class=\"gutenify-section-e88d9550-42ed-11ef-bf6d-07536fbd20e4 gtfy-7\">El USUARIO declara ser el titular de los datos o estar autorizado para la cesi\u00f3n de estos a la 1700 CLASSICS y para el cumplimiento de la presente pol\u00edtica de privacidad.<\/p>\n\n\n\n<p class=\"gutenify-section-e88d9551-42ed-11ef-bf6d-07536fbd20e4 gtfy-10\">Los mencionados datos ser\u00e1n tratados para las siguientes finalidades:<\/p>\n\n\n\n<p class=\"gutenify-section-e88d9552-42ed-11ef-bf6d-07536fbd20e4 gtfy-13\">a) Tramitaci\u00f3n de los pedidos. <\/p>\n\n\n\n<p class=\"gutenify-section-08b11f50-42ee-11ef-bf6d-07536fbd20e4 gtfy-16\">b) Inclusi\u00f3n en la Newsletter en el caso de que lo solicite el usuario. <\/p>\n\n\n\n<p class=\"gutenify-section-0bcdefb0-42ee-11ef-bf6d-07536fbd20e4 gtfy-19\">c) Atenci\u00f3n de solicitudes, consultas, quejas y reclamaciones del usuario. <\/p>\n\n\n\n<p class=\"gutenify-section-11a0df60-42ee-11ef-bf6d-07536fbd20e4 gtfy-22\">d) Atenci\u00f3n de solicitudes, consultas, quejas y reclamaciones del usuario. <\/p>\n\n\n\n<p class=\"gutenify-section-11a0df60-42ee-11ef-bf6d-07536fbd20e4 gtfy-25\">e) Fines estad\u00edsticos.<\/p>\n\n\n\n<p class=\"gutenify-section-e88dbc61-42ed-11ef-bf6d-07536fbd20e4 gtfy-28\">En este sentido, el usuario, mediante la comunicaci\u00f3n de sus datos consiente expresamente:<\/p>\n\n\n\n<p class=\"gutenify-section-e88de370-42ed-11ef-bf6d-07536fbd20e4 gtfy-31\">a) El tratamiento informatizado de los datos para los indicados fines.<br>b) La cesi\u00f3n de sus datos a las empresas de transporte para procesar el pedido.<\/p>\n\n\n\n<p class=\"gutenify-section-e88de371-42ed-11ef-bf6d-07536fbd20e4 gtfy-34\">El afectado podr\u00e1 ejercer sus derechos de acceso, rectificaci\u00f3n, cancelaci\u00f3n y oposici\u00f3n dirigi\u00e9ndose a 1700 CLASSICS a trav\u00e9s de los datos de contacto facilitados en esta pagina Web (correo electr\u00f3nico o formulario web).<\/p>\n\n\n\n<p class=\"gutenify-section-e88de372-42ed-11ef-bf6d-07536fbd20e4 gtfy-37\">1700 CLASSICS se compromete a no ceder, vender, ni compartir los datos con terceros sin su aprobaci\u00f3n expresa.<\/p>\n\n\n\n<p class=\"gutenify-section-e88e0a80-42ed-11ef-bf6d-07536fbd20e4 gtfy-40\">Asimismo, 1700 CLASSICS cancelar\u00e1 o rectificar\u00e1 los datos cuando resulten inexactos, incompletos o hayan dejado de ser necesarios o pertinentes para su finalidad, de conformidad con lo previsto en legislaci\u00f3n vigente en materia de Protecci\u00f3n de Datos de Car\u00e1cter Personal.<\/p>\n\n\n\n<p class=\"gutenify-section-e88e0a81-42ed-11ef-bf6d-07536fbd20e4 has-contrast-color has-text-color has-link-color wp-elements-94eaaece03997da213f308da25577467 gtfy-43\">El usuario podr\u00e1 revocar el consentimiento prestado y ejercer los derechos de acceso, rectificaci\u00f3n, cancelaci\u00f3n y oposici\u00f3n dirigi\u00e9ndose a tal efecto a trav\u00e9s de nuestro correo electr\u00f3nico: <a href=\"mailto:info@1700classics.es\">info@1700classics.es<\/a>, identific\u00e1ndose debidamente e indicando de forma visible el concreto derecho que se ejerce.<\/p>\n\n\n\n<p class=\"gutenify-section-e88e3190-42ed-11ef-bf6d-07536fbd20e4 gtfy-46\">1700 CLASSICS adopta los niveles de seguridad correspondientes requeridos por la citada normativa de Protecci\u00f3n de Datos de Car\u00e1cter Personal y dem\u00e1s normativa aplicable.<\/p>\n\n\n\n<p class=\"gutenify-section-e88e3191-42ed-11ef-bf6d-07536fbd20e4 gtfy-49\">No obstante, no asume ninguna responsabilidad por los da\u00f1os y perjuicios derivados de alteraciones que terceros pueden causar en los sistemas inform\u00e1ticos, documentos electr\u00f3nicos o ficheros del usuario.<\/p>\n\n\n\n<p class=\"gtfy-52\">Utilizamos la herramienta de consentimiento \"Real Cookie Banner\" para gestionar las cookies y otras tecnolog\u00edas similares utilizadas (p\u00edxeles de seguimiento, balizas web, etc.), y los consentimientos relacionados a las mismas. Encontrar\u00e1 informaci\u00f3n detallada sobre el funcionamiento de \"Real Cookie Banner\" en <a href=\"https:\/\/devowl.io\/rcb\/data-processing\/\" rel=\"noreferrer noopener\" target=\"_blank\">https:\/\/devowl. io\/rcb\/data-processing\/<\/a>.<\/p>\n\n\n\n<p class=\"gtfy-55\">La base legal para el tratamiento de datos personales en este contexto son el Art\u00edculo 6 (1) sub. c del RGPD y el Art\u00edculo 6 (1) sub. f RGPD. Nuestro inter\u00e9s leg\u00edtimo es la gesti\u00f3n de las cookies y tecnolog\u00edas similares utilizadas y los consentimientos relacionados.<\/p>\n\n\n\n<p class=\"gtfy-58\">El suministro de datos personales no es obligatorio por contrato ni necesario para la celebraci\u00f3n de un contrato. Usted no est\u00e1 obligado a facilitar sus datos personales. Pero si no lo hace, no podremos gestionar sus consentimientos.<\/p>\n\n\n\n<p class=\"gutenify-section-e88e3192-42ed-11ef-bf6d-07536fbd20e4 gtfy-61\">Si opta a abandonar nuestro sitio web a trav\u00e9s de enlaces a sitios web no pertenecientes a nuestra entidad, 1700 CLASSICS no se har\u00e1 responsable de las pol\u00edticas de privacidad de dichos sitios web ni de las cookies que \u00e9stos puedan almacenar en el ordenador del usuario.<\/p>\n\n\n\n<p class=\"gutenify-section-e88e58a1-42ed-11ef-bf6d-07536fbd20e4 gtfy-64\">Nuestra pol\u00edtica con respecto al correo electr\u00f3nico se centra en remitir \u00fanicamente comunicaciones que usted haya solicitado recibir.<\/p>\n\n\n\n<p class=\"gutenify-section-e88ef4e0-42ed-11ef-bf6d-07536fbd20e4 gtfy-67\">Si prefiere no recibir estos mensajes por correo electr\u00f3nico le ofreceremos a trav\u00e9s de los mismos la posibilidad de ejercer su derecho de cancelaci\u00f3n y renuncia a la recepci\u00f3n de estos mensajes, en conformidad con lo dispuesto en el T\u00edtulo III, art\u00edculo 22 de la Ley 34\/2002 de Servicios para la Sociedad de la Informaci\u00f3n y de Comercio Electr\u00f3nico.<\/p>","protected":false},"excerpt":{"rendered":"<p>The address of our website is: https:\/\/1700classics.es. In accordance with the General Data Protection Regulation of the European Union 2016\/679, it is reported that all data communicated by the user through this website will be included in a personal data file created by and under the responsibility of 1700 CLASSICS. These data will be included [&hellip;]<\/p>\n","protected":false},"author":1,"featured_media":0,"parent":0,"menu_order":0,"comment_status":"closed","ping_status":"open","template":"","meta":{"footnotes":""},"class_list":["post-3","page","type-page","status-publish","hentry"],"_links":{"self":[{"href":"https:\/\/1700classics.es\/es\/wp-json\/wp\/v2\/pages\/3","targetHints":{"allow":["GET"]}}],"collection":[{"href":"https:\/\/1700classics.es\/es\/wp-json\/wp\/v2\/pages"}],"about":[{"href":"https:\/\/1700classics.es\/es\/wp-json\/wp\/v2\/types\/page"}],"author":[{"embeddable":true,"href":"https:\/\/1700classics.es\/es\/wp-json\/wp\/v2\/users\/1"}],"replies":[{"embeddable":true,"href":"https:\/\/1700classics.es\/es\/wp-json\/wp\/v2\/comments?post=3"}],"version-history":[{"count":4,"href":"https:\/\/1700classics.es\/es\/wp-json\/wp\/v2\/pages\/3\/revisions"}],"predecessor-version":[{"id":732,"href":"https:\/\/1700classics.es\/es\/wp-json\/wp\/v2\/pages\/3\/revisions\/732"}],"wp:attachment":[{"href":"https:\/\/1700classics.es\/es\/wp-json\/wp\/v2\/media?parent=3"}],"curies":[{"name":"wp","href":"https:\/\/api.w.org\/{rel}","templated":true}]}}